{"id":16985,"date":"2023-10-10T08:23:26","date_gmt":"2023-10-10T08:23:26","guid":{"rendered":"https:\/\/sheima.com.tr\/stores\/"},"modified":"2023-10-10T13:21:30","modified_gmt":"2023-10-10T13:21:30","slug":"stores","status":"publish","type":"page","link":"https:\/\/sheima.com.tr\/en\/stores\/","title":{"rendered":"Stores"},"content":{"rendered":"<div class=\"wpb-content-wrapper\"><p>[vc_row full_width=&#8221;stretch_row_content&#8221; css=&#8221;.vc_custom_1695983772354{margin-bottom: 15px !important;}&#8221; woodmart_css_id=&#8221;6516a89565681&#8243; responsive_spacing=&#8221;eyJwYXJhbV90eXBlIjoid29vZG1hcnRfcmVzcG9uc2l2ZV9zcGFjaW5nIiwic2VsZWN0b3JfaWQiOiI2NTE2YTg5NTY1NjgxIiwic2hvcnRjb2RlIjoidmNfcm93IiwiZGF0YSI6eyJ0YWJsZXQiOnt9LCJtb2JpbGUiOnsibWFyZ2luLWJvdHRvbSI6IjMwcHgifX19&#8243; mobile_bg_img_hidden=&#8221;no&#8221; tablet_bg_img_hidden=&#8221;no&#8221; woodmart_parallax=&#8221;0&#8243; woodmart_gradient_switch=&#8221;no&#8221; woodmart_box_shadow=&#8221;no&#8221; wd_z_index=&#8221;no&#8221; woodmart_disable_overflow=&#8221;0&#8243; row_reverse_mobile=&#8221;0&#8243; row_reverse_tablet=&#8221;0&#8243;][vc_column woodmart_text_align=&#8221;center&#8221; offset=&#8221;vc_col-lg-offset-3 vc_col-lg-6 vc_col-md-6&#8243; css=&#8221;.vc_custom_1636991180065{margin-bottom: 40px !important;}&#8221; woodmart_css_id=&#8221;619280bebbc98&#8243; parallax_scroll=&#8221;no&#8221; woodmart_sticky_column=&#8221;false&#8221; wd_collapsible_content_switcher=&#8221;no&#8221; mobile_bg_img_hidden=&#8221;no&#8221; tablet_bg_img_hidden=&#8221;no&#8221; woodmart_parallax=&#8221;0&#8243; woodmart_box_shadow=&#8221;no&#8221; mobile_reset_margin=&#8221;no&#8221; tablet_reset_margin=&#8221;no&#8221; wd_z_index=&#8221;no&#8221; responsive_spacing=&#8221;eyJwYXJhbV90eXBlIjoid29vZG1hcnRfcmVzcG9uc2l2ZV9zcGFjaW5nIiwic2VsZWN0b3JfaWQiOiI2MTkyODBiZWJiYzk4Iiwic2hvcnRjb2RlIjoidmNfY29sdW1uIiwiZGF0YSI6eyJ0YWJsZXQiOnsibWFyZ2luLWJvdHRvbSI6IjEwMHB4In0sIm1vYmlsZSI6eyJtYXJnaW4tYm90dG9tIjoiNjBweCJ9fX0=&#8221;]\n\t\t<div id=\"wd-6516a714eb2ef\" class=\"title-wrapper wd-wpb set-mb-s reset-last-child  wd-animation-slide-from-bottom wd-animation-fast wd_delay_250 wd-rs-6516a714eb2ef wd-title-color-default wd-title-style-default text-center vc_custom_1695983388474 wd-underline-colored\">\n\t\t\t\n\t\t\t<div class=\"liner-continer\">\n\t\t\t\t<h4 class=\"woodmart-title-container title  wd-font-weight- wd-fontsize-xl\" >Our Stores<\/h4>\n\t\t\t\t\t\t\t<\/div>\n\t\t\t\n\t\t\t\n\t\t\t\n\t\t<\/div>\n\t\t\n\t\t\t\t<div id=\"wd-651698ef8369b\" class=\"wd-text-block wd-wpb reset-last-child wd-animation-slide-from-bottom wd-animation-fast wd_delay_400 wd-rs-651698ef8369b text-center wd-width-custom wd-fontsize-custom vc_custom_1695983310966\">\n\t\t\t<p>Discover our stores and locations where you can buy products.<\/p>\n\t\t<\/div>\n\t\t<div id=\"wd-652510e753eb0\" class=\" wd-animation-slide-from-bottom wd-animation-fast wd_delay_500 wd-rs-652510e753eb0  wd-button-wrapper text-center inline-element\"><a href=\"https:\/\/sheima.com.tr\/showroom\/\" title=\"Showroom\" class=\"btn btn-color-default btn-style-bordered btn-style-semi-round btn-size-default\">Showroom<\/a><\/div><div id=\"wd-652510f209947\" class=\" wd-animation-slide-from-bottom wd-animation-fast wd_delay_500 wd-rs-652510f209947  wd-button-wrapper text-center inline-element\"><a href=\"https:\/\/sheima.com.tr\/en\/stores\/\" title=\"Showroom\" class=\"btn btn-color-black btn-style-default btn-style-semi-round btn-size-default\">Stores<\/a><\/div>[\/vc_column][\/vc_row][vc_row css=&#8221;.vc_custom_1484587700785{margin-bottom: 0px !important;}&#8221;][vc_column width=&#8221;1\/2&#8243; css=&#8221;.vc_custom_1525772281033{margin-bottom: 30px !important;padding-top: 0px !important;}&#8221; offset=&#8221;vc_col-lg-4 vc_col-md-4&#8243;]\n\t\t<div id=\"wd-65250bb5e9c22\" class=\"title-wrapper wd-wpb set-mb-s reset-last-child  wd-rs-65250bb5e9c22 wd-title-color-default wd-title-style-default text-left vc_custom_1696926655797 wd-underline-colored\">\n\t\t\t\n\t\t\t<div class=\"liner-continer\">\n\t\t\t\t<h4 class=\"woodmart-title-container title  wd-font-weight- wd-fontsize-l\" >Norway Store<\/h4>\n\t\t\t\t\t\t\t<\/div>\n\t\t\t\n\t\t\t\n\t\t\t\n\t\t<\/div>\n\t\t\n\t\t[vc_row_inner][vc_column_inner width=&#8221;1\/2&#8243;]\t\t\t<div class=\"info-box-wrapper\">\n\t\t\t\t<div id=\"wd-65250b898eae6\" class=\" wd-rs-65250b898eae6 wd-info-box wd-wpb text-left box-icon-align-top box-style- color-scheme- wd-bg-none vc_custom_1696926637143\"  >\n\t\t\t\t\t\t\t\t\t\t<div class=\"info-box-content\">\n\t\t\t\t\t\t<h4 class=\"info-box-title title wd-font-weight-600 box-title-style-default font-text wd-fontsize-s\">Telephone:<\/h4>\t\t\t\t\t\t<div class=\"info-box-inner set-cont-mb-s reset-last-child\"><p>+47 47 51 51 64<\/p>\n<\/div>\n\n\t\t\t\t\t\t\t\t\t\t\t<\/div>\n\n\t\t\t\t\t\t\t\t\t<\/div>\n\t\t\t<\/div>\n\t\t\t\t<div id=\"wd-65250baf7f2ad\" class=\"wd-text-block wd-wpb reset-last-child wd-rs-65250baf7f2ad text-left \">\n\t\t\t<p><strong>Fixed:<\/strong> 47 51 51 64<\/p>\n\t\t<\/div>\n\t\t[\/vc_column_inner][vc_column_inner width=&#8221;1\/2&#8243;]\t\t\t<div class=\"info-box-wrapper\">\n\t\t\t\t<div id=\"wd-6512c11fe3b45\" class=\" wd-rs-6512c11fe3b45 wd-info-box wd-wpb text-left box-icon-align-top box-style- color-scheme- wd-bg-none vc_custom_1695727929714\"  >\n\t\t\t\t\t\t\t\t\t\t<div class=\"info-box-content\">\n\t\t\t\t\t\t<h4 class=\"info-box-title title wd-font-weight-600 box-title-style-default font-text wd-fontsize-s\">Mail<\/h4>\t\t\t\t\t\t<div class=\"info-box-inner set-cont-mb-s reset-last-child\"><p>info@sheima.com.tr<br \/>\ncontact@sheima.com.tr<\/p>\n<\/div>\n\n\t\t\t\t\t\t\t\t\t\t\t<\/div>\n\n\t\t\t\t\t\t\t\t\t<\/div>\n\t\t\t<\/div>\n\t\t\t\t<div id=\"wd-6512c1ccc2442\" class=\"wd-text-block wd-wpb reset-last-child wd-rs-6512c1ccc2442 text-left \">\n\t\t\t<p><strong>Mail:<\/strong> info@sheima.com.tr<br \/>\n<strong>Request:<\/strong> contact@sheima.com.tr<\/p>\n\t\t<\/div>\n\t\t[\/vc_column_inner][\/vc_row_inner]\n\t\t<div id=\"wd-6516a76d7ed4d\" class=\"title-wrapper wd-wpb set-mb-s reset-last-child  wd-rs-6516a76d7ed4d wd-title-color-default wd-title-style-default text-left vc_custom_1695983479022 wd-underline-colored\">\n\t\t\t\n\t\t\t<div class=\"liner-continer\">\n\t\t\t\t<h4 class=\"woodmart-title-container title  wd-font-weight- wd-fontsize-l\" >Address<\/h4>\n\t\t\t\t\t\t\t<\/div>\n\t\t\t\n\t\t\t\n\t\t\t\n\t\t<\/div>\n\t\t\n\t\t\t\t<div id=\"wd-65250bc651611\" class=\"wd-text-block wd-wpb reset-last-child wd-rs-65250bc651611 text-left vc_custom_1696926669977\">\n\t\t\t<p>Str\u00f8mmen Storsenter, St\u00f8periveien 5, 2010 Str\u00f8mmen<br \/>\nNorway<\/p>\n\t\t<\/div>\n\t\t[\/vc_column][vc_column width=&#8221;1\/2&#8243; offset=&#8221;vc_col-lg-8 vc_col-md-8&#8243; css=&#8221;.vc_custom_1525772275884{margin-bottom: 30px !important;padding-top: 0px !important;}&#8221;]\t\t<div id=\"gallery_408\" class=\"wd-images-gallery wd-rs-65250bd488cb0 wd-justify-center wd-items-middle view-grid vc_custom_1696927580785\" >\n\t\t\t<div class=\"gallery-images row wd-spacing-20\">\n\t\t\t\t\t\t\t\t\t\t\t\t\t\t\t<div class=\"wd-gallery-item col-lg-6 col-md-6 col-sm-6 col-6\">\n\t\t\t\t\t\t\t\n\t\t\t\t\t\t\t\t<img loading=\"lazy\" decoding=\"async\" width=\"533\" height=\"800\" src=\"https:\/\/sheima.com.tr\/wp-content\/uploads\/2023\/10\/1-533x800.jpg\" class=\"wd-gallery-image image-1\" alt=\"\" srcset=\"https:\/\/sheima.com.tr\/wp-content\/uploads\/2023\/10\/1-533x800.jpg 533w, https:\/\/sheima.com.tr\/wp-content\/uploads\/2023\/10\/1-200x300.jpg 200w, https:\/\/sheima.com.tr\/wp-content\/uploads\/2023\/10\/1-430x645.jpg 430w, https:\/\/sheima.com.tr\/wp-content\/uploads\/2023\/10\/1-150x225.jpg 150w, https:\/\/sheima.com.tr\/wp-content\/uploads\/2023\/10\/1.jpg 660w\" sizes=\"(max-width: 533px) 100vw, 533px\" \/>\n\t\t\t\t\t\t\t\t\t\t\t\t\t\t<\/div>\n\t\t\t\t\t\t\t\t\t\t\t<div class=\"wd-gallery-item col-lg-6 col-md-6 col-sm-6 col-6\">\n\t\t\t\t\t\t\t\n\t\t\t\t\t\t\t\t<img loading=\"lazy\" decoding=\"async\" width=\"533\" height=\"800\" src=\"https:\/\/sheima.com.tr\/wp-content\/uploads\/2023\/10\/2-533x800.jpg\" class=\"wd-gallery-image image-2\" alt=\"\" srcset=\"https:\/\/sheima.com.tr\/wp-content\/uploads\/2023\/10\/2-533x800.jpg 533w, https:\/\/sheima.com.tr\/wp-content\/uploads\/2023\/10\/2-200x300.jpg 200w, https:\/\/sheima.com.tr\/wp-content\/uploads\/2023\/10\/2-430x645.jpg 430w, https:\/\/sheima.com.tr\/wp-content\/uploads\/2023\/10\/2-150x225.jpg 150w, https:\/\/sheima.com.tr\/wp-content\/uploads\/2023\/10\/2.jpg 660w\" sizes=\"(max-width: 533px) 100vw, 533px\" \/>\n\t\t\t\t\t\t\t\t\t\t\t\t\t\t<\/div>\n\t\t\t\t\t\t\t\t\t\t\t\t<\/div>\n\t\t<\/div>\n\t\t\t\t[\/vc_column][\/vc_row]<\/p>\n<\/div>","protected":false},"excerpt":{"rendered":"<p>[vc_row full_width=&#8221;stretch_row_content&#8221; css=&#8221;.vc_custom_1695983772354{margin-bottom: 15px !important;}&#8221; woodmart_css_id=&#8221;6516a89565681&#8243; responsive_spacing=&#8221;eyJwYXJhbV90eXBlIjoid29vZG1hcnRfcmVzcG9uc2l2ZV9zcGFjaW5nIiwic2VsZWN0b3JfaWQiOiI2NTE2YTg5NTY1NjgxIiwic2hvcnRjb2RlIjoidmNfcm93IiwiZGF0YSI6eyJ0YWJsZXQiOnt9LCJtb2JpbGUiOnsibWFyZ2luLWJvdHRvbSI6IjMwcHgifX19&#8243; mobile_bg_img_hidden=&#8221;no&#8221; tablet_bg_img_hidden=&#8221;no&#8221; woodmart_parallax=&#8221;0&#8243; woodmart_gradient_switch=&#8221;no&#8221; woodmart_box_shadow=&#8221;no&#8221; wd_z_index=&#8221;no&#8221; woodmart_disable_overflow=&#8221;0&#8243; row_reverse_mobile=&#8221;0&#8243; row_reverse_tablet=&#8221;0&#8243;][vc_column woodmart_text_align=&#8221;center&#8221; offset=&#8221;vc_col-lg-offset-3 vc_col-lg-6 vc_col-md-6&#8243;<\/p>\n","protected":false},"author":2,"featured_media":0,"parent":0,"menu_order":0,"comment_status":"closed","ping_status":"closed","template":"","meta":{"footnotes":""},"yoast_head":"<!-- This site is optimized with the Yoast SEO plugin v23.0 - https:\/\/yoast.com\/wordpress\/plugins\/seo\/ -->\n<title>Stores | Sheima<\/title>\n<meta name=\"robots\" content=\"index, follow, max-snippet:-1, max-image-preview:large, max-video-preview:-1\" \/>\n<link rel=\"canonical\" href=\"https:\/\/sheima.com.tr\/en\/stores\/\" \/>\n<meta property=\"og:locale\" content=\"en_US\" \/>\n<meta property=\"og:type\" content=\"article\" \/>\n<meta property=\"og:title\" content=\"Stores | Sheima\" \/>\n<meta property=\"og:description\" content=\"[vc_row full_width=&#8221;stretch_row_content&#8221; css=&#8221;.vc_custom_1695983772354{margin-bottom: 15px !important;}&#8221; woodmart_css_id=&#8221;6516a89565681&#8243; responsive_spacing=&#8221;eyJwYXJhbV90eXBlIjoid29vZG1hcnRfcmVzcG9uc2l2ZV9zcGFjaW5nIiwic2VsZWN0b3JfaWQiOiI2NTE2YTg5NTY1NjgxIiwic2hvcnRjb2RlIjoidmNfcm93IiwiZGF0YSI6eyJ0YWJsZXQiOnt9LCJtb2JpbGUiOnsibWFyZ2luLWJvdHRvbSI6IjMwcHgifX19&#8243; mobile_bg_img_hidden=&#8221;no&#8221; tablet_bg_img_hidden=&#8221;no&#8221; woodmart_parallax=&#8221;0&#8243; woodmart_gradient_switch=&#8221;no&#8221; woodmart_box_shadow=&#8221;no&#8221; wd_z_index=&#8221;no&#8221; woodmart_disable_overflow=&#8221;0&#8243; row_reverse_mobile=&#8221;0&#8243; row_reverse_tablet=&#8221;0&#8243;][vc_column woodmart_text_align=&#8221;center&#8221; offset=&#8221;vc_col-lg-offset-3 vc_col-lg-6 vc_col-md-6&#8243;\" \/>\n<meta property=\"og:url\" content=\"https:\/\/sheima.com.tr\/en\/stores\/\" \/>\n<meta property=\"og:site_name\" content=\"Sheima\" \/>\n<meta property=\"article:modified_time\" content=\"2023-10-10T13:21:30+00:00\" \/>\n<meta property=\"og:image\" content=\"https:\/\/sheima.com.tr\/wp-content\/uploads\/2023\/08\/pijama1-copy.jpg\" \/>\n\t<meta property=\"og:image:width\" content=\"860\" \/>\n\t<meta property=\"og:image:height\" content=\"559\" \/>\n\t<meta property=\"og:image:type\" content=\"image\/jpeg\" \/>\n<meta name=\"twitter:card\" content=\"summary_large_image\" \/>\n<meta name=\"twitter:label1\" content=\"Est. reading time\" \/>\n\t<meta name=\"twitter:data1\" content=\"7 minutes\" \/>\n<script type=\"application\/ld+json\" class=\"yoast-schema-graph\">{\"@context\":\"https:\/\/schema.org\",\"@graph\":[{\"@type\":\"WebPage\",\"@id\":\"https:\/\/sheima.com.tr\/en\/stores\/\",\"url\":\"https:\/\/sheima.com.tr\/en\/stores\/\",\"name\":\"Stores | Sheima\",\"isPartOf\":{\"@id\":\"https:\/\/sheima.com.tr\/en\/#website\"},\"datePublished\":\"2023-10-10T08:23:26+00:00\",\"dateModified\":\"2023-10-10T13:21:30+00:00\",\"breadcrumb\":{\"@id\":\"https:\/\/sheima.com.tr\/en\/stores\/#breadcrumb\"},\"inLanguage\":\"en-US\",\"potentialAction\":[{\"@type\":\"ReadAction\",\"target\":[\"https:\/\/sheima.com.tr\/en\/stores\/\"]}]},{\"@type\":\"BreadcrumbList\",\"@id\":\"https:\/\/sheima.com.tr\/en\/stores\/#breadcrumb\",\"itemListElement\":[{\"@type\":\"ListItem\",\"position\":1,\"name\":\"Anasayfa\",\"item\":\"https:\/\/sheima.com.tr\/en\/sheima-en\/\"},{\"@type\":\"ListItem\",\"position\":2,\"name\":\"Stores\"}]},{\"@type\":\"WebSite\",\"@id\":\"https:\/\/sheima.com.tr\/en\/#website\",\"url\":\"https:\/\/sheima.com.tr\/en\/\",\"name\":\"Sheima\",\"description\":\"Luxury Fashion\",\"publisher\":{\"@id\":\"https:\/\/sheima.com.tr\/en\/#organization\"},\"potentialAction\":[{\"@type\":\"SearchAction\",\"target\":{\"@type\":\"EntryPoint\",\"urlTemplate\":\"https:\/\/sheima.com.tr\/en\/?s={search_term_string}\"},\"query-input\":\"required name=search_term_string\"}],\"inLanguage\":\"en-US\"},{\"@type\":\"Organization\",\"@id\":\"https:\/\/sheima.com.tr\/en\/#organization\",\"name\":\"Sheima\",\"url\":\"https:\/\/sheima.com.tr\/en\/\",\"logo\":{\"@type\":\"ImageObject\",\"inLanguage\":\"en-US\",\"@id\":\"https:\/\/sheima.com.tr\/en\/#\/schema\/logo\/image\/\",\"url\":\"https:\/\/sheima.com.tr\/wp-content\/uploads\/2023\/08\/pijama1-copy.jpg\",\"contentUrl\":\"https:\/\/sheima.com.tr\/wp-content\/uploads\/2023\/08\/pijama1-copy.jpg\",\"width\":860,\"height\":559,\"caption\":\"Sheima\"},\"image\":{\"@id\":\"https:\/\/sheima.com.tr\/en\/#\/schema\/logo\/image\/\"}}]}<\/script>\n<!-- \/ Yoast SEO plugin. -->","yoast_head_json":{"title":"Stores | Sheima","robots":{"index":"index","follow":"follow","max-snippet":"max-snippet:-1","max-image-preview":"max-image-preview:large","max-video-preview":"max-video-preview:-1"},"canonical":"https:\/\/sheima.com.tr\/en\/stores\/","og_locale":"en_US","og_type":"article","og_title":"Stores | Sheima","og_description":"[vc_row full_width=&#8221;stretch_row_content&#8221; css=&#8221;.vc_custom_1695983772354{margin-bottom: 15px !important;}&#8221; woodmart_css_id=&#8221;6516a89565681&#8243; responsive_spacing=&#8221;eyJwYXJhbV90eXBlIjoid29vZG1hcnRfcmVzcG9uc2l2ZV9zcGFjaW5nIiwic2VsZWN0b3JfaWQiOiI2NTE2YTg5NTY1NjgxIiwic2hvcnRjb2RlIjoidmNfcm93IiwiZGF0YSI6eyJ0YWJsZXQiOnt9LCJtb2JpbGUiOnsibWFyZ2luLWJvdHRvbSI6IjMwcHgifX19&#8243; mobile_bg_img_hidden=&#8221;no&#8221; tablet_bg_img_hidden=&#8221;no&#8221; woodmart_parallax=&#8221;0&#8243; woodmart_gradient_switch=&#8221;no&#8221; woodmart_box_shadow=&#8221;no&#8221; wd_z_index=&#8221;no&#8221; woodmart_disable_overflow=&#8221;0&#8243; row_reverse_mobile=&#8221;0&#8243; row_reverse_tablet=&#8221;0&#8243;][vc_column woodmart_text_align=&#8221;center&#8221; offset=&#8221;vc_col-lg-offset-3 vc_col-lg-6 vc_col-md-6&#8243;","og_url":"https:\/\/sheima.com.tr\/en\/stores\/","og_site_name":"Sheima","article_modified_time":"2023-10-10T13:21:30+00:00","og_image":[{"width":860,"height":559,"url":"https:\/\/sheima.com.tr\/wp-content\/uploads\/2023\/08\/pijama1-copy.jpg","type":"image\/jpeg"}],"twitter_card":"summary_large_image","twitter_misc":{"Est. reading time":"7 minutes"},"schema":{"@context":"https:\/\/schema.org","@graph":[{"@type":"WebPage","@id":"https:\/\/sheima.com.tr\/en\/stores\/","url":"https:\/\/sheima.com.tr\/en\/stores\/","name":"Stores | Sheima","isPartOf":{"@id":"https:\/\/sheima.com.tr\/en\/#website"},"datePublished":"2023-10-10T08:23:26+00:00","dateModified":"2023-10-10T13:21:30+00:00","breadcrumb":{"@id":"https:\/\/sheima.com.tr\/en\/stores\/#breadcrumb"},"inLanguage":"en-US","potentialAction":[{"@type":"ReadAction","target":["https:\/\/sheima.com.tr\/en\/stores\/"]}]},{"@type":"BreadcrumbList","@id":"https:\/\/sheima.com.tr\/en\/stores\/#breadcrumb","itemListElement":[{"@type":"ListItem","position":1,"name":"Anasayfa","item":"https:\/\/sheima.com.tr\/en\/sheima-en\/"},{"@type":"ListItem","position":2,"name":"Stores"}]},{"@type":"WebSite","@id":"https:\/\/sheima.com.tr\/en\/#website","url":"https:\/\/sheima.com.tr\/en\/","name":"Sheima","description":"Luxury Fashion","publisher":{"@id":"https:\/\/sheima.com.tr\/en\/#organization"},"potentialAction":[{"@type":"SearchAction","target":{"@type":"EntryPoint","urlTemplate":"https:\/\/sheima.com.tr\/en\/?s={search_term_string}"},"query-input":"required name=search_term_string"}],"inLanguage":"en-US"},{"@type":"Organization","@id":"https:\/\/sheima.com.tr\/en\/#organization","name":"Sheima","url":"https:\/\/sheima.com.tr\/en\/","logo":{"@type":"ImageObject","inLanguage":"en-US","@id":"https:\/\/sheima.com.tr\/en\/#\/schema\/logo\/image\/","url":"https:\/\/sheima.com.tr\/wp-content\/uploads\/2023\/08\/pijama1-copy.jpg","contentUrl":"https:\/\/sheima.com.tr\/wp-content\/uploads\/2023\/08\/pijama1-copy.jpg","width":860,"height":559,"caption":"Sheima"},"image":{"@id":"https:\/\/sheima.com.tr\/en\/#\/schema\/logo\/image\/"}}]}},"_links":{"self":[{"href":"https:\/\/sheima.com.tr\/en\/wp-json\/wp\/v2\/pages\/16985"}],"collection":[{"href":"https:\/\/sheima.com.tr\/en\/wp-json\/wp\/v2\/pages"}],"about":[{"href":"https:\/\/sheima.com.tr\/en\/wp-json\/wp\/v2\/types\/page"}],"author":[{"embeddable":true,"href":"https:\/\/sheima.com.tr\/en\/wp-json\/wp\/v2\/users\/2"}],"replies":[{"embeddable":true,"href":"https:\/\/sheima.com.tr\/en\/wp-json\/wp\/v2\/comments?post=16985"}],"version-history":[{"count":3,"href":"https:\/\/sheima.com.tr\/en\/wp-json\/wp\/v2\/pages\/16985\/revisions"}],"predecessor-version":[{"id":16995,"href":"https:\/\/sheima.com.tr\/en\/wp-json\/wp\/v2\/pages\/16985\/revisions\/16995"}],"wp:attachment":[{"href":"https:\/\/sheima.com.tr\/en\/wp-json\/wp\/v2\/media?parent=16985"}],"curies":[{"name":"wp","href":"https:\/\/api.w.org\/{rel}","templated":true}]}}